{"id":25227,"date":"2022-11-02T12:11:53","date_gmt":"2022-11-02T11:11:53","guid":{"rendered":"https:\/\/covwork.uwr.edu.pl\/wystapienia\/"},"modified":"2022-11-28T11:24:06","modified_gmt":"2022-11-28T10:24:06","slug":"wystapienia","status":"publish","type":"page","link":"https:\/\/covwork.uwr.edu.pl\/en\/wystapienia\/","title":{"rendered":"Conference Presentations"},"content":{"rendered":"\n<div id=\"komunikaty aktualnosci-block\" class=\"komunikaty aktualnosci-block \">\n            <h2 class=\"komunikaty aktualnosci-block-naglowek\">Conference Presentations<\/h2>\n                <div class=\"row\">\n                            <div class=\"element-ogloszenia\">\n                    <a href=\"https:\/\/covwork.uwr.edu.pl\/en\/2024\/04\/18\/visit-at-berkeley\/\">\n                        <div class=\"element-ogloszenia-wrap bg-element\">\n                            <!-- <h3 class=\"element-ogloszenia-wrap-dzien\">18<\/h3>\n                        <h4 class=\"element-ogloszenia-wrap-data\" data-transform-month-name> April 2024<\/h4> -->\n                            <h3 class=\"element-ogloszenia-wrap-title\">Visit at Berkeley<\/h3>\n                            <div class=\"element-ogloszenia-wrap-content\">Dr. Adam Mrozowicki and Dr. Jacek Burski continue to present COV-WORK research results as part of their fellowship stays in the US. On April 17, [&#8230;]<\/div>\n                        <\/div>\n                    <\/a>\n                <\/div>\n                            <div class=\"element-ogloszenia\">\n                    <a href=\"https:\/\/covwork.uwr.edu.pl\/en\/2022\/11\/24\/konferencja-spoleczne-granice-pracy-lublin-2022\/\">\n                        <div class=\"element-ogloszenia-wrap \">\n                            <!-- <h3 class=\"element-ogloszenia-wrap-dzien\">24<\/h3>\n                        <h4 class=\"element-ogloszenia-wrap-data\" data-transform-month-name> November 2022<\/h4> -->\n                            <h3 class=\"element-ogloszenia-wrap-title\">CONFERENCE \u201eSOCIAL BOUNDARIES OF WORK. (&#8230;)&#8221;<\/h3>\n                            <div class=\"element-ogloszenia-wrap-content\">The COV-WORK team took a part in the international conference \u201eSocial Boundaries of Work. Social Inequalities and New Meanings of Work in the Digital Age\u201d [&#8230;]<\/div>\n                        <\/div>\n                    <\/a>\n                <\/div>\n                            <div class=\"element-ogloszenia\">\n                    <a href=\"https:\/\/covwork.uwr.edu.pl\/en\/2022\/11\/24\/konferencja-border-seminar-2021-rethinking-border-studies-communication-across-borders\/\">\n                        <div class=\"element-ogloszenia-wrap bg-element\">\n                            <!-- <h3 class=\"element-ogloszenia-wrap-dzien\">24<\/h3>\n                        <h4 class=\"element-ogloszenia-wrap-data\" data-transform-month-name> November 2022<\/h4> -->\n                            <h3 class=\"element-ogloszenia-wrap-title\">\u201eBORDER SEMINAR 2021 (&#8230;)\u201d CONFERENCE<\/h3>\n                            <div class=\"element-ogloszenia-wrap-content\">We highly recommend prof. Adam Mrozowicki\u2019s presentation which was shared during the \u201cBorder Seminar 2021: (Re)Thinking Border Studies \/ Communication across Borders\u201d Conference (26 May [&#8230;]<\/div>\n                        <\/div>\n                    <\/a>\n                <\/div>\n                            <div class=\"element-ogloszenia\">\n                    <a href=\"https:\/\/covwork.uwr.edu.pl\/en\/2022\/11\/24\/konferencja-remote-work-and-covid\/\">\n                        <div class=\"element-ogloszenia-wrap \">\n                            <!-- <h3 class=\"element-ogloszenia-wrap-dzien\">24<\/h3>\n                        <h4 class=\"element-ogloszenia-wrap-data\" data-transform-month-name> November 2022<\/h4> -->\n                            <h3 class=\"element-ogloszenia-wrap-title\">\u201e(REMOTE) WORK AND COVID (&#8230;)\u201d CONFERENCE<\/h3>\n                            <div class=\"element-ogloszenia-wrap-content\">We would like to recommend COV-WORK team\u2019s presentations which were shared during the \u201c(Remote) work and Covid: mobility, safety, and health at the time of [&#8230;]<\/div>\n                        <\/div>\n                    <\/a>\n                <\/div>\n                            <div class=\"element-ogloszenia\">\n                    <a href=\"https:\/\/covwork.uwr.edu.pl\/en\/2022\/11\/24\/konferencja-digital-realities-prezentacje-zespolu\/\">\n                        <div class=\"element-ogloszenia-wrap bg-element\">\n                            <!-- <h3 class=\"element-ogloszenia-wrap-dzien\">24<\/h3>\n                        <h4 class=\"element-ogloszenia-wrap-data\" data-transform-month-name> November 2022<\/h4> -->\n                            <h3 class=\"element-ogloszenia-wrap-title\">DIGITAL REALITIES CONFERENCE: PRESENTATIONS<\/h3>\n                            <div class=\"element-ogloszenia-wrap-content\">We highly recommend the COV-WORK team\u2019s presentations which were shared during the\u00a0Digital realities: work, mobilities, and new opportunities and risks in Central and Eastern Europe [&#8230;]<\/div>\n                        <\/div>\n                    <\/a>\n                <\/div>\n                            <div class=\"element-ogloszenia\">\n                    <a href=\"https:\/\/covwork.uwr.edu.pl\/en\/2022\/11\/24\/konferencja-work2021-work-beyond-crises\/\">\n                        <div class=\"element-ogloszenia-wrap \">\n                            <!-- <h3 class=\"element-ogloszenia-wrap-dzien\">24<\/h3>\n                        <h4 class=\"element-ogloszenia-wrap-data\" data-transform-month-name> November 2022<\/h4> -->\n                            <h3 class=\"element-ogloszenia-wrap-title\">WORK2021 \u2013 WORK BEYOND CRISES CONFERENCE<\/h3>\n                            <div class=\"element-ogloszenia-wrap-content\">We highly recommend Szymon Pilch and Adam Mrozowicki\u2019s paper presented during the WORK2021 \u2013 Work beyond Crises Conference organized by University of Turku (18-19 of [&#8230;]<\/div>\n                        <\/div>\n                    <\/a>\n                <\/div>\n                            <div class=\"element-ogloszenia\">\n                    <a href=\"https:\/\/covwork.uwr.edu.pl\/en\/2022\/11\/24\/udzial-w-15th-esa-conference-2021-w-barcelonie\/\">\n                        <div class=\"element-ogloszenia-wrap bg-element\">\n                            <!-- <h3 class=\"element-ogloszenia-wrap-dzien\">24<\/h3>\n                        <h4 class=\"element-ogloszenia-wrap-data\" data-transform-month-name> November 2022<\/h4> -->\n                            <h3 class=\"element-ogloszenia-wrap-title\">15TH ESA CONFERENCE 2021 (BARCELONA)<\/h3>\n                            <div class=\"element-ogloszenia-wrap-content\">Zapraszamy do zapoznania si\u0119 z prezentacjami cz\u0142onk\u00f3w zespo\u0142u projektowego COV-WORK wyg\u0142oszonymi w ramach 15th ESA Conference. Adam Mrozowicki, Jan Czarzasty (Post-)pandemic Crisis and the Normalisation [&#8230;]<\/div>\n                        <\/div>\n                    <\/a>\n                <\/div>\n                            <div class=\"element-ogloszenia\">\n                    <a href=\"https:\/\/covwork.uwr.edu.pl\/en\/2022\/11\/24\/konferencja-sase-after-covid-critical-conjunctures-and-contingent-pathways-of-contemporary-capitalism\/\">\n                        <div class=\"element-ogloszenia-wrap \">\n                            <!-- <h3 class=\"element-ogloszenia-wrap-dzien\">24<\/h3>\n                        <h4 class=\"element-ogloszenia-wrap-data\" data-transform-month-name> November 2022<\/h4> -->\n                            <h3 class=\"element-ogloszenia-wrap-title\">SASE CONFERENCE \u201cAFTER COVID? CRITICAL CONJUNCTURES AND CONTINGENT PATHWAYS OF [&#8230;]<\/h3>\n                            <div class=\"element-ogloszenia-wrap-content\">We are proud to announce that COV-WORK team members took a part in SASE Conference \u201cAfter Covid? Critical Conjunctures and Contingent Pathways of Contemporary Capitalism\u201d [&#8230;]<\/div>\n                        <\/div>\n                    <\/a>\n                <\/div>\n                            <div class=\"element-ogloszenia\">\n                    <a href=\"https:\/\/covwork.uwr.edu.pl\/en\/2022\/11\/24\/konferencja-deliberation-in-the-public-policy-planning-proces-experiences-and-future-challenges\/\">\n                        <div class=\"element-ogloszenia-wrap bg-element\">\n                            <!-- <h3 class=\"element-ogloszenia-wrap-dzien\">24<\/h3>\n                        <h4 class=\"element-ogloszenia-wrap-data\" data-transform-month-name> November 2022<\/h4> -->\n                            <h3 class=\"element-ogloszenia-wrap-title\">\u201cDELIBERATION IN THE PUBLIC POLICY PLANNING PROCES. EXPERIENCES AND FUTURE [&#8230;]<\/h3>\n                            <div class=\"element-ogloszenia-wrap-content\">On 6 December 2021, dr hab. Adam Mrozowicki and dr Jan Czarzasty presented a joint paper on the state of social dialogue in the pandemic [&#8230;]<\/div>\n                        <\/div>\n                    <\/a>\n                <\/div>\n                        <div class=\"clear\"><\/div>\n\n\n<\/div>\n\n\n<p><\/p>\n","protected":false},"excerpt":{"rendered":"","protected":false},"author":37,"featured_media":0,"parent":0,"menu_order":0,"comment_status":"closed","ping_status":"closed","template":"","meta":{"_acf_changed":false,"inline_featured_image":false,"site-sidebar-layout":"default","site-content-layout":"","ast-site-content-layout":"default","site-content-style":"default","site-sidebar-style":"default","ast-global-header-display":"","ast-banner-title-visibility":"","ast-main-header-display":"","ast-hfb-above-header-display":"","ast-hfb-below-header-display":"","ast-hfb-mobile-header-display":"","site-post-title":"","ast-breadcrumbs-content":"","ast-featured-img":"","footer-sml-layout":"","ast-disable-related-posts":"","theme-transparent-header-meta":"","adv-header-id-meta":"","stick-header-meta":"","header-above-stick-meta":"","header-main-stick-meta":"","header-below-stick-meta":"","astra-migrate-meta-layouts":"default","ast-page-background-enabled":"default","ast-page-background-meta":{"desktop":{"background-color":"","background-image":"","background-repeat":"repeat","background-position":"center center","background-size":"auto","background-attachment":"scroll","background-type":"","background-media":"","overlay-type":"","overlay-color":"","overlay-opacity":"","overlay-gradient":""},"tablet":{"background-color":"","background-image":"","background-repeat":"repeat","background-position":"center center","background-size":"auto","background-attachment":"scroll","background-type":"","background-media":"","overlay-type":"","overlay-color":"","overlay-opacity":"","overlay-gradient":""},"mobile":{"background-color":"","background-image":"","background-repeat":"repeat","background-position":"center center","background-size":"auto","background-attachment":"scroll","background-type":"","background-media":"","overlay-type":"","overlay-color":"","overlay-opacity":"","overlay-gradient":""}},"ast-content-background-meta":{"desktop":{"background-color":"var(--ast-global-color-5)","background-image":"","background-repeat":"repeat","background-position":"center center","background-size":"auto","background-attachment":"scroll","background-type":"","background-media":"","overlay-type":"","overlay-color":"","overlay-opacity":"","overlay-gradient":""},"tablet":{"background-color":"var(--ast-global-color-5)","background-image":"","background-repeat":"repeat","background-position":"center center","background-size":"auto","background-attachment":"scroll","background-type":"","background-media":"","overlay-type":"","overlay-color":"","overlay-opacity":"","overlay-gradient":""},"mobile":{"background-color":"var(--ast-global-color-5)","background-image":"","background-repeat":"repeat","background-position":"center center","background-size":"auto","background-attachment":"scroll","background-type":"","background-media":"","overlay-type":"","overlay-color":"","overlay-opacity":"","overlay-gradient":""}},"footnotes":""},"categories":[],"tags":[],"class_list":["post-25227","page","type-page","status-publish","hentry"],"featured_image_urls_v2":{"full":"","thumbnail":"","medium":"","medium_large":"","large":"","1536x1536":"","2048x2048":"","menu-24x24":"","menu-36x36":"","menu-48x48":""},"post_excerpt_stackable_v2":"<p>Conference Presentations Visit at Berkeley Dr. Adam Mrozowicki and Dr. Jacek Burski continue to present COV-WORK research results as part of their fellowship stays in the US. On April 17, [&#8230;] CONFERENCE \u201eSOCIAL BOUNDARIES OF WORK. (&#8230;)&#8221; The COV-WORK team took a part in the international conference \u201eSocial Boundaries of Work. Social Inequalities and New Meanings of Work in the Digital Age\u201d [&#8230;] \u201eBORDER SEMINAR 2021 (&#8230;)\u201d CONFERENCE We highly recommend prof. Adam Mrozowicki\u2019s presentation which was shared during the \u201cBorder Seminar 2021: (Re)Thinking Border Studies \/ Communication across Borders\u201d Conference (26 May [&#8230;] \u201e(REMOTE) WORK AND COVID (&#8230;)\u201d CONFERENCE&hellip;<\/p>\n","category_list_v2":"Uncategorized","author_info_v2":{"name":"Izabela Jaraszek","url":"https:\/\/covwork.uwr.edu.pl\/en\/author\/ijaraszek\/"},"comments_num_v2":"0 comments","acf":[],"yoast_head":"<!-- This site is optimized with the Yoast SEO plugin v27.1.1 - https:\/\/yoast.com\/product\/yoast-seo-wordpress\/ -->\n<title>Conference Presentations - Instytut Socjologii, Zak\u0142ad Socjologii Pracy i Gospodarki<\/title>\n<meta name=\"robots\" content=\"index, follow, max-snippet:-1, max-image-preview:large, max-video-preview:-1\" \/>\n<link rel=\"canonical\" href=\"https:\/\/covwork.uwr.edu.pl\/en\/wystapienia\/\" \/>\n<meta property=\"og:locale\" content=\"en_US\" \/>\n<meta property=\"og:type\" content=\"article\" \/>\n<meta property=\"og:title\" content=\"Conference Presentations - Instytut Socjologii, Zak\u0142ad Socjologii Pracy i Gospodarki\" \/>\n<meta property=\"og:url\" content=\"https:\/\/covwork.uwr.edu.pl\/en\/wystapienia\/\" \/>\n<meta property=\"og:site_name\" content=\"Instytut Socjologii, Zak\u0142ad Socjologii Pracy i Gospodarki\" \/>\n<meta property=\"article:modified_time\" content=\"2022-11-28T10:24:06+00:00\" \/>\n<meta name=\"twitter:card\" content=\"summary_large_image\" \/>\n<script type=\"application\/ld+json\" class=\"yoast-schema-graph\">{\"@context\":\"https:\/\/schema.org\",\"@graph\":[{\"@type\":\"WebPage\",\"@id\":\"https:\/\/covwork.uwr.edu.pl\/en\/wystapienia\/\",\"url\":\"https:\/\/covwork.uwr.edu.pl\/en\/wystapienia\/\",\"name\":\"Conference Presentations - Instytut Socjologii, Zak\u0142ad Socjologii Pracy i Gospodarki\",\"isPartOf\":{\"@id\":\"https:\/\/covwork.uwr.edu.pl\/#website\"},\"datePublished\":\"2022-11-02T11:11:53+00:00\",\"dateModified\":\"2022-11-28T10:24:06+00:00\",\"breadcrumb\":{\"@id\":\"https:\/\/covwork.uwr.edu.pl\/en\/wystapienia\/#breadcrumb\"},\"inLanguage\":\"en-US\",\"potentialAction\":[{\"@type\":\"ReadAction\",\"target\":[\"https:\/\/covwork.uwr.edu.pl\/en\/wystapienia\/\"]}]},{\"@type\":\"BreadcrumbList\",\"@id\":\"https:\/\/covwork.uwr.edu.pl\/en\/wystapienia\/#breadcrumb\",\"itemListElement\":[{\"@type\":\"ListItem\",\"position\":1,\"name\":\"Strona g\u0142\u00f3wna\",\"item\":\"https:\/\/covwork.uwr.edu.pl\/en\/\"},{\"@type\":\"ListItem\",\"position\":2,\"name\":\"Conference Presentations\"}]},{\"@type\":\"WebSite\",\"@id\":\"https:\/\/covwork.uwr.edu.pl\/#website\",\"url\":\"https:\/\/covwork.uwr.edu.pl\/\",\"name\":\"Instytut Socjologii, Zak\u0142ad Socjologii Pracy i Gospodarki\",\"description\":\"Kolejna witryna sieci \u201eUWR Witryny\u201d\",\"publisher\":{\"@id\":\"https:\/\/covwork.uwr.edu.pl\/#organization\"},\"potentialAction\":[{\"@type\":\"SearchAction\",\"target\":{\"@type\":\"EntryPoint\",\"urlTemplate\":\"https:\/\/covwork.uwr.edu.pl\/?s={search_term_string}\"},\"query-input\":{\"@type\":\"PropertyValueSpecification\",\"valueRequired\":true,\"valueName\":\"search_term_string\"}}],\"inLanguage\":\"en-US\"},{\"@type\":\"Organization\",\"@id\":\"https:\/\/covwork.uwr.edu.pl\/#organization\",\"name\":\"Instytut Socjologii, Zak\u0142ad Socjologii Pracy i Gospodarki\",\"url\":\"https:\/\/covwork.uwr.edu.pl\/\",\"logo\":{\"@type\":\"ImageObject\",\"inLanguage\":\"en-US\",\"@id\":\"https:\/\/covwork.uwr.edu.pl\/#\/schema\/logo\/image\/\",\"url\":\"https:\/\/covwork.uwr.edu.pl\/wp-content\/uploads\/sites\/152\/2025\/10\/UWr-logotyp-2025.png\",\"contentUrl\":\"https:\/\/covwork.uwr.edu.pl\/wp-content\/uploads\/sites\/152\/2025\/10\/UWr-logotyp-2025.png\",\"width\":764,\"height\":269,\"caption\":\"Instytut Socjologii, Zak\u0142ad Socjologii Pracy i Gospodarki\"},\"image\":{\"@id\":\"https:\/\/covwork.uwr.edu.pl\/#\/schema\/logo\/image\/\"}}]}<\/script>\n<!-- \/ Yoast SEO plugin. -->","yoast_head_json":{"title":"Conference Presentations - Instytut Socjologii, Zak\u0142ad Socjologii Pracy i Gospodarki","robots":{"index":"index","follow":"follow","max-snippet":"max-snippet:-1","max-image-preview":"max-image-preview:large","max-video-preview":"max-video-preview:-1"},"canonical":"https:\/\/covwork.uwr.edu.pl\/en\/wystapienia\/","og_locale":"en_US","og_type":"article","og_title":"Conference Presentations - Instytut Socjologii, Zak\u0142ad Socjologii Pracy i Gospodarki","og_url":"https:\/\/covwork.uwr.edu.pl\/en\/wystapienia\/","og_site_name":"Instytut Socjologii, Zak\u0142ad Socjologii Pracy i Gospodarki","article_modified_time":"2022-11-28T10:24:06+00:00","twitter_card":"summary_large_image","schema":{"@context":"https:\/\/schema.org","@graph":[{"@type":"WebPage","@id":"https:\/\/covwork.uwr.edu.pl\/en\/wystapienia\/","url":"https:\/\/covwork.uwr.edu.pl\/en\/wystapienia\/","name":"Conference Presentations - Instytut Socjologii, Zak\u0142ad Socjologii Pracy i Gospodarki","isPartOf":{"@id":"https:\/\/covwork.uwr.edu.pl\/#website"},"datePublished":"2022-11-02T11:11:53+00:00","dateModified":"2022-11-28T10:24:06+00:00","breadcrumb":{"@id":"https:\/\/covwork.uwr.edu.pl\/en\/wystapienia\/#breadcrumb"},"inLanguage":"en-US","potentialAction":[{"@type":"ReadAction","target":["https:\/\/covwork.uwr.edu.pl\/en\/wystapienia\/"]}]},{"@type":"BreadcrumbList","@id":"https:\/\/covwork.uwr.edu.pl\/en\/wystapienia\/#breadcrumb","itemListElement":[{"@type":"ListItem","position":1,"name":"Strona g\u0142\u00f3wna","item":"https:\/\/covwork.uwr.edu.pl\/en\/"},{"@type":"ListItem","position":2,"name":"Conference Presentations"}]},{"@type":"WebSite","@id":"https:\/\/covwork.uwr.edu.pl\/#website","url":"https:\/\/covwork.uwr.edu.pl\/","name":"Instytut Socjologii, Zak\u0142ad Socjologii Pracy i Gospodarki","description":"Kolejna witryna sieci \u201eUWR Witryny\u201d","publisher":{"@id":"https:\/\/covwork.uwr.edu.pl\/#organization"},"potentialAction":[{"@type":"SearchAction","target":{"@type":"EntryPoint","urlTemplate":"https:\/\/covwork.uwr.edu.pl\/?s={search_term_string}"},"query-input":{"@type":"PropertyValueSpecification","valueRequired":true,"valueName":"search_term_string"}}],"inLanguage":"en-US"},{"@type":"Organization","@id":"https:\/\/covwork.uwr.edu.pl\/#organization","name":"Instytut Socjologii, Zak\u0142ad Socjologii Pracy i Gospodarki","url":"https:\/\/covwork.uwr.edu.pl\/","logo":{"@type":"ImageObject","inLanguage":"en-US","@id":"https:\/\/covwork.uwr.edu.pl\/#\/schema\/logo\/image\/","url":"https:\/\/covwork.uwr.edu.pl\/wp-content\/uploads\/sites\/152\/2025\/10\/UWr-logotyp-2025.png","contentUrl":"https:\/\/covwork.uwr.edu.pl\/wp-content\/uploads\/sites\/152\/2025\/10\/UWr-logotyp-2025.png","width":764,"height":269,"caption":"Instytut Socjologii, Zak\u0142ad Socjologii Pracy i Gospodarki"},"image":{"@id":"https:\/\/covwork.uwr.edu.pl\/#\/schema\/logo\/image\/"}}]}},"publishpress_future_action":{"enabled":false,"date":"2026-05-20 18:16:54","action":"change-status","newStatus":"draft","terms":[],"taxonomy":"category","extraData":[]},"publishpress_future_workflow_manual_trigger":{"enabledWorkflows":[]},"_links":{"self":[{"href":"https:\/\/covwork.uwr.edu.pl\/en\/wp-json\/wp\/v2\/pages\/25227\/"}],"collection":[{"href":"https:\/\/covwork.uwr.edu.pl\/en\/wp-json\/wp\/v2\/pages\/"}],"about":[{"href":"https:\/\/covwork.uwr.edu.pl\/en\/wp-json\/wp\/v2\/types\/page\/"}],"author":[{"embeddable":true,"href":"https:\/\/covwork.uwr.edu.pl\/en\/wp-json\/wp\/v2\/users\/37\/"}],"replies":[{"embeddable":true,"href":"https:\/\/covwork.uwr.edu.pl\/en\/wp-json\/wp\/v2\/comments\/?post=25227"}],"version-history":[{"count":1,"href":"https:\/\/covwork.uwr.edu.pl\/en\/wp-json\/wp\/v2\/pages\/25227\/revisions\/"}],"predecessor-version":[{"id":25251,"href":"https:\/\/covwork.uwr.edu.pl\/en\/wp-json\/wp\/v2\/pages\/25227\/revisions\/25251\/"}],"wp:attachment":[{"href":"https:\/\/covwork.uwr.edu.pl\/en\/wp-json\/wp\/v2\/media\/?parent=25227"}],"wp:term":[{"taxonomy":"category","embeddable":true,"href":"https:\/\/covwork.uwr.edu.pl\/en\/wp-json\/wp\/v2\/categories\/?post=25227"},{"taxonomy":"post_tag","embeddable":true,"href":"https:\/\/covwork.uwr.edu.pl\/en\/wp-json\/wp\/v2\/tags\/?post=25227"}],"curies":[{"name":"wp","href":"https:\/\/api.w.org\/{rel}","templated":true}]}}